{"id":49531,"date":"2021-03-19T09:35:24","date_gmt":"2021-03-19T09:35:24","guid":{"rendered":"https:\/\/ferien-im-wiemannshof.de\/?page_id=49531"},"modified":"2021-03-19T10:09:08","modified_gmt":"2021-03-19T10:09:08","slug":"kiekkaste-wohnung-1","status":"publish","type":"page","link":"https:\/\/ferien-im-wiemannshof.de\/?page_id=49531","title":{"rendered":"Kiekkaste \/ Wohnung 1"},"content":{"rendered":"<p>[et_pb_section fb_built=&#8220;1&#8243; _builder_version=&#8220;4.9.2&#8243; background_image=&#8220;https:\/\/ferien-im-wiemannshof.de\/wp-content\/uploads\/2021\/03\/ferien-im-wiemannshof-3.jpg&#8220; custom_padding=&#8220;125px||125px||false|&#8220;][et_pb_row use_custom_gutter=&#8220;on&#8220; gutter_width=&#8220;2&#8243; make_equal=&#8220;on&#8220; _builder_version=&#8220;4.9.2&#8243; width=&#8220;96%&#8220; width_tablet=&#8220;90%&#8220; width_phone=&#8220;90%&#8220; width_last_edited=&#8220;on|desktop&#8220; max_width=&#8220;1200px&#8220; max_width_tablet=&#8220;90%&#8220; max_width_phone=&#8220;90%&#8220; max_width_last_edited=&#8220;on|tablet&#8220;][et_pb_column type=&#8220;4_4&#8243; _builder_version=&#8220;3.25&#8243; custom_padding=&#8220;|||&#8220; custom_padding__hover=&#8220;|||&#8220;][et_pb_text _builder_version=&#8220;4.9.2&#8243; header_font=&#8220;Quicksand|700|||||||&#8220; header_text_color=&#8220;#ffffff&#8220; header_font_size=&#8220;55px&#8220; header_line_height=&#8220;1.3em&#8220; header_2_text_color=&#8220;#FFFFFF&#8220; custom_padding=&#8220;0px||||false|false&#8220; custom_padding_tablet=&#8220;&#8220; custom_padding_phone=&#8220;0px||&#8220; custom_padding_last_edited=&#8220;on|desktop&#8220; animation_style=&#8220;slide&#8220; animation_direction=&#8220;left&#8220; animation_duration=&#8220;1400ms&#8220; header_font_size_tablet=&#8220;&#8220; header_font_size_phone=&#8220;30px&#8220; header_font_size_last_edited=&#8220;on|desktop&#8220; header_text_shadow_style=&#8220;preset2&#8243;]<\/p>\n<h2>Wohnung 1<\/h2>\n<h1>Kiekkaste<\/h1>\n<p>[\/et_pb_text][\/et_pb_column][\/et_pb_row][\/et_pb_section][et_pb_section fb_built=&#8220;1&#8243; _builder_version=&#8220;4.9.2&#8243; background_color=&#8220;#f2eee7&#8243; custom_padding=&#8220;80px||80px||true|&#8220;][et_pb_row use_custom_gutter=&#8220;on&#8220; gutter_width=&#8220;2&#8243; make_equal=&#8220;on&#8220; _builder_version=&#8220;3.25&#8243; width=&#8220;96%&#8220; width_tablet=&#8220;90%&#8220; width_phone=&#8220;90%&#8220; width_last_edited=&#8220;on|desktop&#8220; max_width=&#8220;1200px&#8220; max_width_tablet=&#8220;90%&#8220; max_width_phone=&#8220;90%&#8220; max_width_last_edited=&#8220;on|tablet&#8220; custom_padding=&#8220;110px||56px|||&#8220; animation_style=&#8220;slide&#8220; animation_duration=&#8220;1400ms&#8220; animation_delay=&#8220;500ms&#8220;][et_pb_column type=&#8220;4_4&#8243; _builder_version=&#8220;3.25&#8243; custom_padding=&#8220;|||&#8220; custom_padding__hover=&#8220;|||&#8220;][et_pb_text _builder_version=&#8220;4.9.2&#8243; header_font=&#8220;Quicksand|700|||||||&#8220; header_text_align=&#8220;center&#8220; header_text_color=&#8220;#411b0b&#8220; header_font_size=&#8220;40px&#8220; header_line_height=&#8220;1.3em&#8220; custom_padding=&#8220;||&#8220; header_font_size_tablet=&#8220;&#8220; header_font_size_phone=&#8220;30px&#8220; header_font_size_last_edited=&#8220;on|desktop&#8220;]<\/p>\n<h1>Merkmale &#038; Daten<\/h1>\n<p>[\/et_pb_text][et_pb_text _builder_version=&#8220;3.27.4&#8243; text_font=&#8220;Arimo||||||||&#8220; text_text_color=&#8220;#6d6d6d&#8220; text_font_size=&#8220;17px&#8220; text_line_height=&#8220;1.8em&#8220; header_font=&#8220;Quicksand||||||||&#8220; header_text_color=&#8220;#ffffff&#8220; header_font_size=&#8220;55px&#8220; header_line_height=&#8220;1.3em&#8220; text_orientation=&#8220;center&#8220; max_width=&#8220;500px&#8220; module_alignment=&#8220;center&#8220; custom_margin=&#8220;-9px||&#8220; text_text_align=&#8220;center&#8220;]<\/p>\n<p>Cansec tetur adipiscing elit eiusmod tempor incididunt labore dolore magna alirua enim minim nostrud.<\/p>\n<p>[\/et_pb_text][\/et_pb_column][\/et_pb_row][et_pb_row column_structure=&#8220;1_2,1_2&#8243; use_custom_gutter=&#8220;on&#8220; gutter_width=&#8220;2&#8243; make_equal=&#8220;on&#8220; _builder_version=&#8220;3.25.4&#8243; width_tablet=&#8220;90%&#8220; width_phone=&#8220;90%&#8220; width_last_edited=&#8220;off|tablet&#8220; max_width_tablet=&#8220;90%&#8220; max_width_phone=&#8220;90%&#8220; max_width_last_edited=&#8220;off|phone&#8220; custom_margin=&#8220;||36px&#8220;][et_pb_column type=&#8220;1_2&#8243; _builder_version=&#8220;3.25.1&#8243;][et_pb_text _builder_version=&#8220;4.9.2&#8243; text_font=&#8220;||||||||&#8220; text_text_color=&#8220;#000000&#8243; text_font_size=&#8220;18px&#8220; text_line_height=&#8220;1.8em&#8220; max_width=&#8220;477px&#8220; max_width_tablet=&#8220;100%&#8220; max_width_phone=&#8220;&#8220; max_width_last_edited=&#8220;on|desktop&#8220;]<\/p>\n<p>Velit esse cillum dolore fugiat nulla pariatur excepteur occaecat cupidatat proident sunt culpa officia deserunt mollit anim.<\/p>\n<p>[\/et_pb_text][et_pb_text _builder_version=&#8220;4.9.2&#8243; text_font=&#8220;|300|||||||&#8220; text_text_color=&#8220;#000000&#8243; text_font_size=&#8220;15px&#8220; text_line_height=&#8220;1.8em&#8220; max_width=&#8220;493px&#8220; max_width_tablet=&#8220;100%&#8220; max_width_phone=&#8220;&#8220; max_width_last_edited=&#8220;on|tablet&#8220; custom_padding=&#8220;12px|30px||&#8220; custom_padding_tablet=&#8220;0px|0px||&#8220; custom_padding_phone=&#8220;0px|0px||&#8220; custom_padding_last_edited=&#8220;on|desktop&#8220;]<\/p>\n<p>Lorem ipsum dolor amet consec tetur adipiscing elit eiusmod tempor incididunt labore dolore alirua enim minim veniam nostrud laboris aliruip commodo irure dolor reprehen derit. Cupidatat proident sunt culpa officia deserunt mollit anim laborum omnis natus voluptatem accus emrue totam aperiam earue illo veritatis architecto beatae vitae dicta explicabo.<\/p>\n<p>Cupidatat proident sunt culpa officia deserunt mollit anim laborum omnis natus voluptatem accus emrue totam aperiam earue illo veritatis architecto beatae vitae dicta explicabo.<\/p>\n<p>[\/et_pb_text][\/et_pb_column][et_pb_column type=&#8220;1_2&#8243; _builder_version=&#8220;3.25.1&#8243;][et_pb_image src=&#8220;https:\/\/ferien-im-wiemannshof.de\/wp-content\/uploads\/2021\/03\/ferien-im-wiemannshof-4.jpg&#8220; title_text=&#8220;ferien-im-wiemannshof-4&#8243; _builder_version=&#8220;4.9.2&#8243; hover_enabled=&#8220;0&#8243; animation_style=&#8220;slide&#8220; animation_direction=&#8220;right&#8220; animation_delay=&#8220;5ms&#8220; sticky_enabled=&#8220;0&#8243;][\/et_pb_image][et_pb_image src=&#8220;https:\/\/ferien-im-wiemannshof.de\/wp-content\/uploads\/2021\/03\/ferien-im-wiemannshof-5.jpg&#8220; title_text=&#8220;ferien-im-wiemannshof-5&#8243; _builder_version=&#8220;4.9.2&#8243; max_width=&#8220;400px&#8220; max_width_tablet=&#8220;70%&#8220; max_width_phone=&#8220;60%&#8220; max_width_last_edited=&#8220;on|desktop&#8220; custom_margin=&#8220;-303px|||-50px&#8220; custom_margin_tablet=&#8220;|||0px&#8220; custom_margin_phone=&#8220;-227px|||0px&#8220; custom_margin_last_edited=&#8220;on|desktop&#8220; hover_enabled=&#8220;0&#8243; border_width_top=&#8220;14px&#8220; border_color_top=&#8220;#f2eee7&#8243; border_width_right=&#8220;14px&#8220; border_color_right=&#8220;#f2eee7&#8243; animation_style=&#8220;slide&#8220; animation_direction=&#8220;right&#8220; sticky_enabled=&#8220;0&#8243;][\/et_pb_image][\/et_pb_column][\/et_pb_row][et_pb_row column_structure=&#8220;1_4,1_4,1_4,1_4&#8243; use_custom_gutter=&#8220;on&#8220; gutter_width=&#8220;2&#8243; _builder_version=&#8220;3.25&#8243;][et_pb_column type=&#8220;1_4&#8243; _builder_version=&#8220;3.25&#8243; custom_padding=&#8220;|||&#8220; custom_padding__hover=&#8220;|||&#8220;][et_pb_blurb title=&#8220;Exceur Sint &#8220; use_icon=&#8220;on&#8220; font_icon=&#8220;%%57%%&#8220; icon_color=&#8220;#383838&#8243; icon_placement=&#8220;left&#8220; use_icon_font_size=&#8220;on&#8220; icon_font_size=&#8220;40px&#8220; _builder_version=&#8220;4.9.2&#8243; header_font=&#8220;Poppins|600|||||||&#8220; header_text_align=&#8220;left&#8220; header_text_color=&#8220;#000000&#8243; header_font_size=&#8220;20px&#8220; body_font=&#8220;Roboto|300|||||||&#8220; body_text_align=&#8220;left&#8220; body_text_color=&#8220;#000000&#8243; body_font_size=&#8220;15px&#8220; body_line_height=&#8220;1.8em&#8220; animation=&#8220;off&#8220;]<\/p>\n<p>Duis aute irure dolor in reprehenderit in voluptate velit esse cillum.<\/p>\n<p>[\/et_pb_blurb][\/et_pb_column][et_pb_column type=&#8220;1_4&#8243; _builder_version=&#8220;3.25&#8243; custom_padding=&#8220;|||&#8220; custom_padding__hover=&#8220;|||&#8220;][et_pb_blurb title=&#8220;Exceur Sint &#8220; use_icon=&#8220;on&#8220; font_icon=&#8220;%%57%%&#8220; icon_color=&#8220;#383838&#8243; icon_placement=&#8220;left&#8220; use_icon_font_size=&#8220;on&#8220; icon_font_size=&#8220;40px&#8220; _builder_version=&#8220;4.9.2&#8243; header_font=&#8220;Poppins|600|||||||&#8220; header_text_align=&#8220;left&#8220; header_text_color=&#8220;#000000&#8243; header_font_size=&#8220;20px&#8220; body_font=&#8220;Roboto|300|||||||&#8220; body_text_align=&#8220;left&#8220; body_text_color=&#8220;#000000&#8243; body_font_size=&#8220;15px&#8220; body_line_height=&#8220;1.8em&#8220; animation=&#8220;off&#8220;]<\/p>\n<p>Duis aute irure dolor in reprehenderit in voluptate velit esse cillum.<\/p>\n<p>[\/et_pb_blurb][\/et_pb_column][et_pb_column type=&#8220;1_4&#8243; _builder_version=&#8220;3.25&#8243; custom_padding=&#8220;|||&#8220; custom_padding__hover=&#8220;|||&#8220;][et_pb_blurb title=&#8220;Exceur Sint &#8220; use_icon=&#8220;on&#8220; font_icon=&#8220;%%57%%&#8220; icon_color=&#8220;#383838&#8243; icon_placement=&#8220;left&#8220; use_icon_font_size=&#8220;on&#8220; icon_font_size=&#8220;40px&#8220; _builder_version=&#8220;4.9.2&#8243; header_font=&#8220;Poppins|600|||||||&#8220; header_text_align=&#8220;left&#8220; header_text_color=&#8220;#000000&#8243; header_font_size=&#8220;20px&#8220; body_font=&#8220;Roboto|300|||||||&#8220; body_text_align=&#8220;left&#8220; body_text_color=&#8220;#000000&#8243; body_font_size=&#8220;15px&#8220; body_line_height=&#8220;1.8em&#8220; animation=&#8220;off&#8220;]<\/p>\n<p>Duis aute irure dolor in reprehenderit in voluptate velit esse cillum.<\/p>\n<p>[\/et_pb_blurb][\/et_pb_column][et_pb_column type=&#8220;1_4&#8243; _builder_version=&#8220;3.25&#8243; custom_padding=&#8220;|||&#8220; custom_padding__hover=&#8220;|||&#8220;][et_pb_blurb title=&#8220;Exceur Sint &#8220; use_icon=&#8220;on&#8220; font_icon=&#8220;%%57%%&#8220; icon_color=&#8220;#383838&#8243; icon_placement=&#8220;left&#8220; use_icon_font_size=&#8220;on&#8220; icon_font_size=&#8220;40px&#8220; _builder_version=&#8220;4.9.2&#8243; header_font=&#8220;Poppins|600|||||||&#8220; header_text_align=&#8220;left&#8220; header_text_color=&#8220;#000000&#8243; header_font_size=&#8220;20px&#8220; body_font=&#8220;Roboto|300|||||||&#8220; body_text_align=&#8220;left&#8220; body_text_color=&#8220;#000000&#8243; body_font_size=&#8220;15px&#8220; body_line_height=&#8220;1.8em&#8220; animation=&#8220;off&#8220;]<\/p>\n<p>Duis aute irure dolor in reprehenderit in voluptate velit esse cillum.<\/p>\n<p>[\/et_pb_blurb][\/et_pb_column][\/et_pb_row][et_pb_row column_structure=&#8220;1_4,1_4,1_4,1_4&#8243; use_custom_gutter=&#8220;on&#8220; gutter_width=&#8220;2&#8243; _builder_version=&#8220;3.25&#8243;][et_pb_column type=&#8220;1_4&#8243; _builder_version=&#8220;3.25&#8243; custom_padding=&#8220;|||&#8220; custom_padding__hover=&#8220;|||&#8220;][et_pb_blurb title=&#8220;Exceur Sint &#8220; use_icon=&#8220;on&#8220; font_icon=&#8220;%%57%%&#8220; icon_color=&#8220;#383838&#8243; icon_placement=&#8220;left&#8220; use_icon_font_size=&#8220;on&#8220; icon_font_size=&#8220;40px&#8220; _builder_version=&#8220;4.9.2&#8243; header_font=&#8220;Poppins|600|||||||&#8220; header_text_align=&#8220;left&#8220; header_text_color=&#8220;#000000&#8243; header_font_size=&#8220;20px&#8220; body_font=&#8220;Roboto|300|||||||&#8220; body_text_align=&#8220;left&#8220; body_text_color=&#8220;#000000&#8243; body_font_size=&#8220;15px&#8220; body_line_height=&#8220;1.8em&#8220; animation=&#8220;off&#8220;]<\/p>\n<p>Duis aute irure dolor in reprehenderit in voluptate velit esse cillum.<\/p>\n<p>[\/et_pb_blurb][\/et_pb_column][et_pb_column type=&#8220;1_4&#8243; _builder_version=&#8220;3.25&#8243; custom_padding=&#8220;|||&#8220; custom_padding__hover=&#8220;|||&#8220;][et_pb_blurb title=&#8220;Exceur Sint &#8220; use_icon=&#8220;on&#8220; font_icon=&#8220;%%57%%&#8220; icon_color=&#8220;#383838&#8243; icon_placement=&#8220;left&#8220; use_icon_font_size=&#8220;on&#8220; icon_font_size=&#8220;40px&#8220; _builder_version=&#8220;4.9.2&#8243; header_font=&#8220;Poppins|600|||||||&#8220; header_text_align=&#8220;left&#8220; header_text_color=&#8220;#000000&#8243; header_font_size=&#8220;20px&#8220; body_font=&#8220;Roboto|300|||||||&#8220; body_text_align=&#8220;left&#8220; body_text_color=&#8220;#000000&#8243; body_font_size=&#8220;15px&#8220; body_line_height=&#8220;1.8em&#8220; animation=&#8220;off&#8220;]<\/p>\n<p>Duis aute irure dolor in reprehenderit in voluptate velit esse cillum.<\/p>\n<p>[\/et_pb_blurb][\/et_pb_column][et_pb_column type=&#8220;1_4&#8243; _builder_version=&#8220;3.25&#8243; custom_padding=&#8220;|||&#8220; custom_padding__hover=&#8220;|||&#8220;][et_pb_blurb title=&#8220;Exceur Sint &#8220; use_icon=&#8220;on&#8220; font_icon=&#8220;%%57%%&#8220; icon_color=&#8220;#383838&#8243; icon_placement=&#8220;left&#8220; use_icon_font_size=&#8220;on&#8220; icon_font_size=&#8220;40px&#8220; _builder_version=&#8220;4.9.2&#8243; header_font=&#8220;Poppins|600|||||||&#8220; header_text_align=&#8220;left&#8220; header_text_color=&#8220;#000000&#8243; header_font_size=&#8220;20px&#8220; body_font=&#8220;Roboto|300|||||||&#8220; body_text_align=&#8220;left&#8220; body_text_color=&#8220;#000000&#8243; body_font_size=&#8220;15px&#8220; body_line_height=&#8220;1.8em&#8220; animation=&#8220;off&#8220;]<\/p>\n<p>Duis aute irure dolor in reprehenderit in voluptate velit esse cillum.<\/p>\n<p>[\/et_pb_blurb][\/et_pb_column][et_pb_column type=&#8220;1_4&#8243; _builder_version=&#8220;3.25&#8243; custom_padding=&#8220;|||&#8220; custom_padding__hover=&#8220;|||&#8220;][et_pb_blurb title=&#8220;Exceur Sint &#8220; use_icon=&#8220;on&#8220; font_icon=&#8220;%%57%%&#8220; icon_color=&#8220;#383838&#8243; icon_placement=&#8220;left&#8220; use_icon_font_size=&#8220;on&#8220; icon_font_size=&#8220;40px&#8220; _builder_version=&#8220;4.9.2&#8243; header_font=&#8220;Poppins|600|||||||&#8220; header_text_align=&#8220;left&#8220; header_text_color=&#8220;#000000&#8243; header_font_size=&#8220;20px&#8220; body_font=&#8220;Roboto|300|||||||&#8220; body_text_align=&#8220;left&#8220; body_text_color=&#8220;#000000&#8243; body_font_size=&#8220;15px&#8220; body_line_height=&#8220;1.8em&#8220; animation=&#8220;off&#8220;]<\/p>\n<p>Duis aute irure dolor in reprehenderit in voluptate velit esse cillum.<\/p>\n<p>[\/et_pb_blurb][\/et_pb_column][\/et_pb_row][et_pb_row column_structure=&#8220;1_4,1_4,1_4,1_4&#8243; use_custom_gutter=&#8220;on&#8220; gutter_width=&#8220;2&#8243; _builder_version=&#8220;3.25&#8243;][et_pb_column type=&#8220;1_4&#8243; _builder_version=&#8220;3.25&#8243; custom_padding=&#8220;|||&#8220; custom_padding__hover=&#8220;|||&#8220;][et_pb_blurb title=&#8220;Exceur Sint &#8220; use_icon=&#8220;on&#8220; font_icon=&#8220;%%57%%&#8220; icon_color=&#8220;#383838&#8243; icon_placement=&#8220;left&#8220; use_icon_font_size=&#8220;on&#8220; icon_font_size=&#8220;40px&#8220; _builder_version=&#8220;4.9.2&#8243; header_font=&#8220;Poppins|600|||||||&#8220; header_text_align=&#8220;left&#8220; header_text_color=&#8220;#000000&#8243; header_font_size=&#8220;20px&#8220; body_font=&#8220;Roboto|300|||||||&#8220; body_text_align=&#8220;left&#8220; body_text_color=&#8220;#000000&#8243; body_font_size=&#8220;15px&#8220; body_line_height=&#8220;1.8em&#8220; animation=&#8220;off&#8220;]<\/p>\n<p>Duis aute irure dolor in reprehenderit in voluptate velit esse cillum.<\/p>\n<p>[\/et_pb_blurb][\/et_pb_column][et_pb_column type=&#8220;1_4&#8243; _builder_version=&#8220;3.25&#8243; custom_padding=&#8220;|||&#8220; custom_padding__hover=&#8220;|||&#8220;][et_pb_blurb title=&#8220;Exceur Sint &#8220; use_icon=&#8220;on&#8220; font_icon=&#8220;%%57%%&#8220; icon_color=&#8220;#383838&#8243; icon_placement=&#8220;left&#8220; use_icon_font_size=&#8220;on&#8220; icon_font_size=&#8220;40px&#8220; _builder_version=&#8220;4.9.2&#8243; header_font=&#8220;Poppins|600|||||||&#8220; header_text_align=&#8220;left&#8220; header_text_color=&#8220;#000000&#8243; header_font_size=&#8220;20px&#8220; body_font=&#8220;Roboto|300|||||||&#8220; body_text_align=&#8220;left&#8220; body_text_color=&#8220;#000000&#8243; body_font_size=&#8220;15px&#8220; body_line_height=&#8220;1.8em&#8220; animation=&#8220;off&#8220;]<\/p>\n<p>Duis aute irure dolor in reprehenderit in voluptate velit esse cillum.<\/p>\n<p>[\/et_pb_blurb][\/et_pb_column][et_pb_column type=&#8220;1_4&#8243; _builder_version=&#8220;3.25&#8243; custom_padding=&#8220;|||&#8220; custom_padding__hover=&#8220;|||&#8220;][et_pb_blurb title=&#8220;Exceur Sint &#8220; use_icon=&#8220;on&#8220; font_icon=&#8220;%%57%%&#8220; icon_color=&#8220;#383838&#8243; icon_placement=&#8220;left&#8220; use_icon_font_size=&#8220;on&#8220; icon_font_size=&#8220;40px&#8220; _builder_version=&#8220;4.9.2&#8243; header_font=&#8220;Poppins|600|||||||&#8220; header_text_align=&#8220;left&#8220; header_text_color=&#8220;#000000&#8243; header_font_size=&#8220;20px&#8220; body_font=&#8220;Roboto|300|||||||&#8220; body_text_align=&#8220;left&#8220; body_text_color=&#8220;#000000&#8243; body_font_size=&#8220;15px&#8220; body_line_height=&#8220;1.8em&#8220; animation=&#8220;off&#8220;]<\/p>\n<p>Duis aute irure dolor in reprehenderit in voluptate velit esse cillum.<\/p>\n<p>[\/et_pb_blurb][\/et_pb_column][et_pb_column type=&#8220;1_4&#8243; _builder_version=&#8220;3.25&#8243; custom_padding=&#8220;|||&#8220; custom_padding__hover=&#8220;|||&#8220;][\/et_pb_column][\/et_pb_row][et_pb_row use_custom_gutter=&#8220;on&#8220; gutter_width=&#8220;2&#8243; make_equal=&#8220;on&#8220; _builder_version=&#8220;3.25&#8243; width=&#8220;96%&#8220; width_tablet=&#8220;90%&#8220; width_phone=&#8220;90%&#8220; width_last_edited=&#8220;on|desktop&#8220; max_width=&#8220;1200px&#8220; max_width_tablet=&#8220;90%&#8220; max_width_phone=&#8220;90%&#8220; max_width_last_edited=&#8220;on|tablet&#8220; custom_padding=&#8220;110px||21px|||&#8220; animation_style=&#8220;slide&#8220; animation_duration=&#8220;1400ms&#8220; animation_delay=&#8220;500ms&#8220;][et_pb_column type=&#8220;4_4&#8243; _builder_version=&#8220;3.25&#8243; custom_padding=&#8220;|||&#8220; custom_padding__hover=&#8220;|||&#8220;][et_pb_text _builder_version=&#8220;4.9.2&#8243; header_font=&#8220;Quicksand|700|||||||&#8220; header_text_align=&#8220;center&#8220; header_text_color=&#8220;#411b0b&#8220; header_font_size=&#8220;40px&#8220; header_line_height=&#8220;1.3em&#8220; custom_padding=&#8220;||&#8220; header_font_size_tablet=&#8220;&#8220; header_font_size_phone=&#8220;30px&#8220; header_font_size_last_edited=&#8220;on|desktop&#8220;]<\/p>\n<h1>Bilder &#038; Impressionen<\/h1>\n<p>[\/et_pb_text][et_pb_text _builder_version=&#8220;3.27.4&#8243; text_font=&#8220;Arimo||||||||&#8220; text_text_color=&#8220;#6d6d6d&#8220; text_font_size=&#8220;17px&#8220; text_line_height=&#8220;1.8em&#8220; header_font=&#8220;Quicksand||||||||&#8220; header_text_color=&#8220;#ffffff&#8220; header_font_size=&#8220;55px&#8220; header_line_height=&#8220;1.3em&#8220; text_orientation=&#8220;center&#8220; max_width=&#8220;500px&#8220; module_alignment=&#8220;center&#8220; custom_margin=&#8220;-9px||&#8220; text_text_align=&#8220;center&#8220;]<\/p>\n<p>Cansec tetur adipiscing elit eiusmod tempor incididunt labore dolore magna alirua enim minim nostrud.<\/p>\n<p>[\/et_pb_text][\/et_pb_column][\/et_pb_row][et_pb_row _builder_version=&#8220;4.9.2&#8243; _module_preset=&#8220;default&#8220; custom_padding=&#8220;100px||100px|||&#8220;][et_pb_column type=&#8220;4_4&#8243; _builder_version=&#8220;4.9.2&#8243; _module_preset=&#8220;default&#8220;][et_pb_gallery gallery_ids=&#8220;49552,49551,49550,49549,49548,49547,49546&#8243; posts_number=&#8220;12&#8243; show_title_and_caption=&#8220;off&#8220; _builder_version=&#8220;4.9.2&#8243; _module_preset=&#8220;default&#8220;][\/et_pb_gallery][\/et_pb_column][\/et_pb_row][\/et_pb_section][et_pb_section fb_built=&#8220;1&#8243; _builder_version=&#8220;4.9.2&#8243; background_image=&#8220;https:\/\/ferien-im-wiemannshof.de\/wp-content\/uploads\/2021\/03\/ferien-im-wiemannshof-3.jpg&#8220; custom_padding=&#8220;200px||200px||true|false&#8220;][et_pb_row use_custom_gutter=&#8220;on&#8220; gutter_width=&#8220;2&#8243; make_equal=&#8220;on&#8220; _builder_version=&#8220;3.25&#8243; width=&#8220;96%&#8220; width_tablet=&#8220;90%&#8220; width_phone=&#8220;90%&#8220; width_last_edited=&#8220;on|desktop&#8220; max_width=&#8220;1200px&#8220; max_width_tablet=&#8220;90%&#8220; max_width_phone=&#8220;90%&#8220; max_width_last_edited=&#8220;on|tablet&#8220;][et_pb_column type=&#8220;4_4&#8243; _builder_version=&#8220;3.25&#8243; custom_padding=&#8220;|||&#8220; custom_padding__hover=&#8220;|||&#8220;][et_pb_text _builder_version=&#8220;3.27.4&#8243; text_font=&#8220;Arimo||||||||&#8220; text_text_color=&#8220;#ffffff&#8220; text_font_size=&#8220;17px&#8220; text_line_height=&#8220;1.8em&#8220; header_font=&#8220;Quicksand||||||||&#8220; header_text_color=&#8220;#ffffff&#8220; header_font_size=&#8220;55px&#8220; header_line_height=&#8220;1.3em&#8220; text_orientation=&#8220;center&#8220; max_width=&#8220;500px&#8220; module_alignment=&#8220;center&#8220; custom_margin=&#8220;-9px||&#8220; text_text_align=&#8220;center&#8220;]<\/p>\n<p>Cansec tetur adipiscing elit eiusmod.<\/p>\n<p>[\/et_pb_text][et_pb_text _builder_version=&#8220;4.9.2&#8243; header_font=&#8220;Quicksand||||||||&#8220; header_text_align=&#8220;center&#8220; header_text_color=&#8220;#ffffff&#8220; header_font_size=&#8220;35px&#8220; header_line_height=&#8220;1.5em&#8220; max_width=&#8220;666px&#8220; module_alignment=&#8220;center&#8220; custom_margin=&#8220;-4px||&#8220; custom_padding=&#8220;||&#8220; header_font_size_tablet=&#8220;&#8220; header_font_size_phone=&#8220;30px&#8220; header_font_size_last_edited=&#8220;on|desktop&#8220;]<\/p>\n<h1>Das richtige Domiziel f\u00fcr aktivere Ferien &#8211; ob gro\u00dfe oder kleine G\u00e4ste.<\/h1>\n<p>[\/et_pb_text][\/et_pb_column][\/et_pb_row][\/et_pb_section]<\/p>\n","protected":false},"excerpt":{"rendered":"<p>[et_pb_section fb_built=&#8220;1&#8243; _builder_version=&#8220;4.9.2&#8243; background_image=&#8220;https:\/\/ferien-im-wiemannshof.de\/wp-content\/uploads\/2021\/03\/ferien-im-wiemannshof-3.jpg&#8220; custom_padding=&#8220;125px||125px||false|&#8220;][et_pb_row use_custom_gutter=&#8220;on&#8220; gutter_width=&#8220;2&#8243; make_equal=&#8220;on&#8220; _builder_version=&#8220;4.9.2&#8243; width=&#8220;96%&#8220; width_tablet=&#8220;90%&#8220; width_phone=&#8220;90%&#8220; width_last_edited=&#8220;on|desktop&#8220; max_width=&#8220;1200px&#8220; max_width_tablet=&#8220;90%&#8220; max_width_phone=&#8220;90%&#8220; max_width_last_edited=&#8220;on|tablet&#8220;][et_pb_column type=&#8220;4_4&#8243; _builder_version=&#8220;3.25&#8243; custom_padding=&#8220;|||&#8220; custom_padding__hover=&#8220;|||&#8220;][et_pb_text _builder_version=&#8220;4.9.2&#8243; header_font=&#8220;Quicksand|700|||||||&#8220; header_text_color=&#8220;#ffffff&#8220; header_font_size=&#8220;55px&#8220; header_line_height=&#8220;1.3em&#8220; header_2_text_color=&#8220;#FFFFFF&#8220; custom_padding=&#8220;0px||||false|false&#8220; custom_padding_tablet=&#8220;&#8220; custom_padding_phone=&#8220;0px||&#8220; custom_padding_last_edited=&#8220;on|desktop&#8220; animation_style=&#8220;slide&#8220; animation_direction=&#8220;left&#8220; animation_duration=&#8220;1400ms&#8220; header_font_size_tablet=&#8220;&#8220; header_font_size_phone=&#8220;30px&#8220; header_font_size_last_edited=&#8220;on|desktop&#8220; header_text_shadow_style=&#8220;preset2&#8243;] Wohnung 1 Kiekkaste [\/et_pb_text][\/et_pb_column][\/et_pb_row][\/et_pb_section][et_pb_section fb_built=&#8220;1&#8243; _builder_version=&#8220;4.9.2&#8243; background_color=&#8220;#f2eee7&#8243; custom_padding=&#8220;80px||80px||true|&#8220;][et_pb_row use_custom_gutter=&#8220;on&#8220; gutter_width=&#8220;2&#8243; make_equal=&#8220;on&#8220; _builder_version=&#8220;3.25&#8243; width=&#8220;96%&#8220; width_tablet=&#8220;90%&#8220; width_phone=&#8220;90%&#8220; width_last_edited=&#8220;on|desktop&#8220; max_width=&#8220;1200px&#8220; [&hellip;]<\/p>\n","protected":false},"author":1,"featured_media":0,"parent":0,"menu_order":0,"comment_status":"closed","ping_status":"closed","template":"","meta":{"_et_pb_use_builder":"on","_et_pb_old_content":"<!-- wp:divi\/placeholder \/-->","_et_gb_content_width":"","footnotes":""},"class_list":["post-49531","page","type-page","status-publish","hentry"],"_links":{"self":[{"href":"https:\/\/ferien-im-wiemannshof.de\/index.php?rest_route=\/wp\/v2\/pages\/49531","targetHints":{"allow":["GET"]}}],"collection":[{"href":"https:\/\/ferien-im-wiemannshof.de\/index.php?rest_route=\/wp\/v2\/pages"}],"about":[{"href":"https:\/\/ferien-im-wiemannshof.de\/index.php?rest_route=\/wp\/v2\/types\/page"}],"author":[{"embeddable":true,"href":"https:\/\/ferien-im-wiemannshof.de\/index.php?rest_route=\/wp\/v2\/users\/1"}],"replies":[{"embeddable":true,"href":"https:\/\/ferien-im-wiemannshof.de\/index.php?rest_route=%2Fwp%2Fv2%2Fcomments&post=49531"}],"version-history":[{"count":9,"href":"https:\/\/ferien-im-wiemannshof.de\/index.php?rest_route=\/wp\/v2\/pages\/49531\/revisions"}],"predecessor-version":[{"id":49558,"href":"https:\/\/ferien-im-wiemannshof.de\/index.php?rest_route=\/wp\/v2\/pages\/49531\/revisions\/49558"}],"wp:attachment":[{"href":"https:\/\/ferien-im-wiemannshof.de\/index.php?rest_route=%2Fwp%2Fv2%2Fmedia&parent=49531"}],"curies":[{"name":"wp","href":"https:\/\/api.w.org\/{rel}","templated":true}]}}